{"id":16964,"date":"2022-12-24T19:25:29","date_gmt":"2022-12-24T18:25:29","guid":{"rendered":"http:\/\/universduthe.be\/?post_type=product&#038;p=16964"},"modified":"2022-12-24T19:28:53","modified_gmt":"2022-12-24T18:28:53","slug":"amandel-suiker-gingerbread-copie","status":"publish","type":"product","link":"https:\/\/universduthe.be\/nl\/produit\/amandel-suiker-gingerbread-copie\/","title":{"rendered":"Cacao Powder PUR CACAO 100% BIO"},"content":{"rendered":"<p><b><span lang=\"NL\">Bijzonder nobele bonensoorten uit Peru, Ecuador,\u00a0 uit de Dominicaanse Republiek en uit S\u00e3o Tom\u00e9.<u><\/u><u><\/u><\/span><\/b><\/p>\n<p><b><span lang=\"NL\">Deze weinige ingredi\u00ebnten zijn nodig voor deze bijzonder romige en onderscheidende chocolademelk die uitsluitend afkomstig is van biologische teelt.<u><\/u><u><\/u><\/span><\/b><\/p>\n<p><b><span lang=\"NL\">Deze cacao is geschikt als ontbijt, als tussendoortje of gewoon om mee te bakken<\/span><\/b><\/p>\n","protected":false},"excerpt":{"rendered":"<p>Bijzonder nobele bonensoorten uit Peru, Ecuador,\u00a0 uit de Dominicaanse Republiek en uit S\u00e3o Tom\u00e9. Deze weinige ingredi\u00ebnten zijn nodig voor deze bijzonder romige en onderscheidende chocolademelk die uitsluitend afkomstig is van biologische teelt. Deze cacao is geschikt als ontbijt, als tussendoortje of gewoon om mee te bakken<\/p>\n","protected":false},"featured_media":16966,"template":"","meta":[],"product_brand":[],"product_cat":[274],"product_tag":[],"class_list":{"0":"post-16964","1":"product","2":"type-product","3":"status-publish","4":"has-post-thumbnail","6":"product_cat-lekkernijen","8":"first","9":"outofstock","10":"taxable","11":"shipping-taxable","12":"purchasable","13":"product-type-simple"},"aioseo_notices":[],"_links":{"self":[{"href":"https:\/\/universduthe.be\/nl\/wp-json\/wp\/v2\/product\/16964","targetHints":{"allow":["GET"]}}],"collection":[{"href":"https:\/\/universduthe.be\/nl\/wp-json\/wp\/v2\/product"}],"about":[{"href":"https:\/\/universduthe.be\/nl\/wp-json\/wp\/v2\/types\/product"}],"wp:featuredmedia":[{"embeddable":true,"href":"https:\/\/universduthe.be\/nl\/wp-json\/wp\/v2\/media\/16966"}],"wp:attachment":[{"href":"https:\/\/universduthe.be\/nl\/wp-json\/wp\/v2\/media?parent=16964"}],"wp:term":[{"taxonomy":"product_brand","embeddable":true,"href":"https:\/\/universduthe.be\/nl\/wp-json\/wp\/v2\/product_brand?post=16964"},{"taxonomy":"product_cat","embeddable":true,"href":"https:\/\/universduthe.be\/nl\/wp-json\/wp\/v2\/product_cat?post=16964"},{"taxonomy":"product_tag","embeddable":true,"href":"https:\/\/universduthe.be\/nl\/wp-json\/wp\/v2\/product_tag?post=16964"}],"curies":[{"name":"wp","href":"https:\/\/api.w.org\/{rel}","templated":true}]}}