{"id":20456,"date":"2026-05-01T08:37:34","date_gmt":"2026-05-01T06:37:34","guid":{"rendered":"https:\/\/universduthe.be\/?post_type=product&#038;p=20456"},"modified":"2026-05-01T09:38:17","modified_gmt":"2026-05-01T07:38:17","slug":"canela-mi-amor-zwarte-thee-met-kaneel-kruidig-en-warm-copie-copie","status":"publish","type":"product","link":"https:\/\/universduthe.be\/nl\/produit\/canela-mi-amor-zwarte-thee-met-kaneel-kruidig-en-warm-copie-copie\/","title":{"rendered":"Handcr\u00e8me &#8211; Bio Carthago Vijg &#8211; Tad\u00e9"},"content":{"rendered":"<h2>\ud83c\udf3f Biologische handcr\u00e8me met Carthago vijg &#8211; Tad\u00e9: De streling van het zuiden<\/h2>\n<p><strong>Tad\u00e9 Organic Carthage Fig Hand Cream<\/strong> is een ode aan de gulle natuur van het Oosten. De textuur combineert<strong>olijfolie van de eerste persing<\/strong> en <strong>sheaboter<\/strong> om een gerichte respons te bieden aan handen die gehavend zijn door het dagelijks leven. Deze <strong>hoogwaardige<\/strong> behandeling doet meer dan alleen hydrateren; het herstelt de glans van de huid en biedt een honingzoet olfactorisch intermezzo, perfect om de ontspanning van een proefritueel te verlengen.<\/p>\n<h2>Waarom kiezen voor Tad\u00e9 Organic Carthage Fig Hand Cream?<\/h2>\n<ul>\n<li><strong>Cocktail van organische actieve ingredi\u00ebnten:<\/strong> Een synergie van lavendelwater, olijfolie en sheaboter.<\/li>\n<li><strong>Rijk aan antioxidanten:<\/strong> Helpt vroegtijdige huidveroudering tegen te gaan.<\/li>\n<li><strong>Nomad format:<\/strong> Een tube van 30 ml die je overal in kunt stoppen voor een snelle huidverzorging.<\/li>\n<li><strong>Sillage Gourmand<\/strong>: Een warme vijgengeur die doet denken aan het einde van een mooie zomermiddag.<\/li>\n<\/ul>\n<h2>\u2b50 Gebruiksadvies en voorzorgsmaatregelen<\/h2>\n<p>Breng elke dag een beetje <strong>Tad\u00e9 Handcr\u00e8me &#8211; Carthage Fig Tree Organic<\/strong> aan. Masseer tot het volledig is opgenomen, met speciale aandacht voor droge plekken.  <strong>Voor uitwendig gebruik.<\/strong>  Dermatologisch getest om optimale tolerantie te garanderen. Ideaal om de handen te verzachten na langdurig contact met water of de kou van de winter.<\/p>\n<h2>\u2b50 Kenmerken en samenstelling<\/h2>\n<ul>\n<li><strong>Inhoud:<\/strong> 30ml &#8211; Praktisch en elegant.<\/li>\n<li><strong>Herkomst:<\/strong> Franse knowhow ge\u00efnspireerd door mediterrane tradities.<\/li>\n<li><strong>Natuurlijkheid:<\/strong> 98% ingredi\u00ebnten van natuurlijke oorsprong.<\/li>\n<li><strong>INCI :<\/strong> Aqua (water), lavandula angustifolia (lavendel) bloemenwater*, olijf europaea (olijf) vruchtenolie*, cetylalcohol, glycerine, butyrospermum parkii (shea) boter*, helianthus annuus (zonnebloem) zaadolie, tocoferol. (*Organisch geproduceerde ingredi\u00ebnten).<\/li>\n<\/ul>\n<h2>Een ontspannend ritueel met je biologische handcr\u00e8me van Carthago Vijgen &#8211; Tad\u00e9<\/h2>\n<p>Voor een perfecte harmonie raden we je aan deze behandeling toe te passen na het drinken van een <a href=\"\/categories\/thes-noirs-parfumes\">Fruity Black Tea<\/a>. Dit gebaar sluit het vocht van je huid in en verlengt de heerlijke geur van je drankje. Toewijding aan de planeet: dit product is gecertificeerd door <a href=\"https:\/\/www.ecocert.com\" target=\"_blank\" rel=\"noopener\">Ecocert<\/a> COSMOS ORGANIC, wat gezonde, duurzame cosmetica garandeert.<\/p>\n","protected":false},"excerpt":{"rendered":"<p>Tad\u00e9 Handcr\u00e8me &#8211; Biologische Carthage Vijgenboom is een gastronomisch uitje onder de mediterrane zon. Deze rijke cr\u00e8me met zijn betoverende geur biedt je handen een echt bad van voeding. De unieke formule, rijk aan kostbare plantaardige werkstoffen, beschermt en verzacht de huid en laat een warme, fruitige geur achter. Een troostende behandeling die, net als zwarte thee met toetsen van rijp fruit, je zintuigen omhult in een oneindige zoetheid.<\/p>\n","protected":false},"featured_media":20458,"template":"","meta":[],"product_brand":[],"product_cat":[616,613],"product_tag":[],"class_list":{"0":"post-20456","1":"product","2":"type-product","3":"status-publish","4":"has-post-thumbnail","6":"product_cat-lichaamsverzorging","7":"product_cat-welzijn","9":"first","10":"instock","11":"taxable","12":"shipping-taxable","13":"purchasable","14":"product-type-simple"},"aioseo_notices":[],"_links":{"self":[{"href":"https:\/\/universduthe.be\/nl\/wp-json\/wp\/v2\/product\/20456","targetHints":{"allow":["GET"]}}],"collection":[{"href":"https:\/\/universduthe.be\/nl\/wp-json\/wp\/v2\/product"}],"about":[{"href":"https:\/\/universduthe.be\/nl\/wp-json\/wp\/v2\/types\/product"}],"wp:featuredmedia":[{"embeddable":true,"href":"https:\/\/universduthe.be\/nl\/wp-json\/wp\/v2\/media\/20458"}],"wp:attachment":[{"href":"https:\/\/universduthe.be\/nl\/wp-json\/wp\/v2\/media?parent=20456"}],"wp:term":[{"taxonomy":"product_brand","embeddable":true,"href":"https:\/\/universduthe.be\/nl\/wp-json\/wp\/v2\/product_brand?post=20456"},{"taxonomy":"product_cat","embeddable":true,"href":"https:\/\/universduthe.be\/nl\/wp-json\/wp\/v2\/product_cat?post=20456"},{"taxonomy":"product_tag","embeddable":true,"href":"https:\/\/universduthe.be\/nl\/wp-json\/wp\/v2\/product_tag?post=20456"}],"curies":[{"name":"wp","href":"https:\/\/api.w.org\/{rel}","templated":true}]}}