{"id":20468,"date":"2026-05-01T08:47:38","date_gmt":"2026-05-01T06:47:38","guid":{"rendered":"https:\/\/universduthe.be\/?post_type=product&#038;p=20468"},"modified":"2026-05-01T09:38:16","modified_gmt":"2026-05-01T07:38:16","slug":"canela-mi-amor-zwarte-thee-met-kaneel-kruidig-en-warm-copie-copie-copie-copie","status":"publish","type":"product","link":"https:\/\/universduthe.be\/nl\/produit\/canela-mi-amor-zwarte-thee-met-kaneel-kruidig-en-warm-copie-copie-copie-copie\/","title":{"rendered":"Handcr\u00e8me &#8211; Organische Atlas Argan &#8211; Tad\u00e9"},"content":{"rendered":"<h2>\ud83c\udf42 Handcr\u00e8me &#8211; Biologische Atlas Argan &#8211; Tad\u00e9: De regenererende schat van het Oosten<\/h2>\n<p><strong>Tad\u00e9 Organic Atlas Argan Hand Cream<\/strong> is het toppunt van uitstekende beschermende verzorging. Dankzij de hoge concentratie <strong>organische arganolie<\/strong>, bekend om zijn antioxiderende en helende eigenschappen, worden vermoeide handen weer soepel en stralend. Dit <strong>hoogwaardige<\/strong> huidverzorgingsproduct combineert de kracht van argan met sheaboter om een natuurlijk schild te cre\u00ebren tegen schadelijke invloeden van buitenaf, terwijl het een satijnzachte, elegante finish achterlaat.<\/p>\n<h2>Waarom kiezen voor Tad\u00e9 Organic Atlas Argan Hand Cream?<\/h2>\n<ul>\n<li><strong>Rijk aan vitamine E:<\/strong> biologische arganolie beschermt actief tegen huidveroudering.<\/li>\n<li><strong>Diepe voeding:<\/strong> Een royale textuur die onmiddellijk een trekkerig gevoel verzacht.<\/li>\n<li><strong>Ethische verbintenis:<\/strong> Een gecertificeerd biologisch product dat de biodiversiteit van de Atlas respecteert.<\/li>\n<li><strong>Ambernoten :<\/strong> Een warme, kostbare geur die doet denken aan de karavanen van de specerijenroute.<\/li>\n<\/ul>\n<h2>\u2b50 Gebruiksadvies en voorzorgsmaatregelen<\/h2>\n<p>Breng een kleine hoeveelheid <strong>Tad\u00e9 Organic Atlas Argan Hand Cream<\/strong> aan op een schone, droge huid. Masseer intensief in gewrichten en droge plekken tot het volledig is opgenomen.  <strong>Alleen voor uitwendig gebruik.<\/strong>  Vermijd contact met de ogen. Voor een optimaal resultaat breng je deze behandeling &#8216;s avonds voor het slapengaan aan, zodat de actieve ingredi\u00ebnten de hele nacht hun werk kunnen doen.<\/p>\n<h2>\u2b50 Kenmerken en samenstelling<\/h2>\n<ul>\n<li><strong>Inhoud :<\/strong> tube van 30 ml &#8211; ideaal voor in de handtas of op reis.<\/li>\n<li><strong>Herkomst:<\/strong> Ge\u00efnspireerd door voorouderlijke Marokkaanse knowhow, gemaakt volgens de strenge Tad\u00e9-normen.<\/li>\n<li><strong>Certificering:<\/strong> COSMOS ORGANIC gecertificeerd door Ecocert.<\/li>\n<li><strong>INCI :<\/strong> Aqua (Water), Argania Spinosa Kernel Olie*, Butyrospermum Parkii (Shea) Butter*, Cetearyl Alcohol, Glycerine, Glyceryl Stearate, Helianthus Annuus (Zonnebloem) Zaadolie*, Parfum (Parfum), Benzyl Alcohol, Dehydroazijnzuur, Tocoferol. (*Organisch geproduceerde ingredi\u00ebnten).<\/li>\n<\/ul>\n<h2>Een ontspannend ritueel met je Handcr\u00e8me &#8211; Biologische Atlas Argan &#8211; Tad\u00e9<\/h2>\n<p>Om dit moment van welzijn compleet te maken, raden we je aan om <strong>Tad\u00e9 Organic Atlas Argan Hand Cream<\/strong> aan te brengen na het drinken van een <a href=\"\/categories\/thes-noirs\">Yunnan Black Tea<\/a> of een <a href=\"\/categories\/thes-epices\">Cha\u00ef Tea met kruiden<\/a>. De kruidige warmte van de drank mengt zich heerlijk met de ambertoetsen van de argan. Trouw aan onze waarden is dit huidverzorgingsproduct gecertificeerd door <a href=\"https:\/\/www.ecocert.com\" target=\"_blank\" rel=\"noopener\">Ecocert<\/a> voor transparante, natuurlijke schoonheid.<\/p>\n","protected":false},"excerpt":{"rendered":"<p>Tad\u00e9 Organic Atlas Argan Hand Cream is een ware schat aan voeding ge\u00efnspireerd door de schoonheidsrituelen van de Maghreb. Samengesteld met Atlas vloeibaar goud, dringt deze rijke, smeu\u00efge cr\u00e8me diep door in de opperhuid om zelfs de droogste huid te herstellen. De warme ambergeur biedt een omhullende ervaring die, net als een houtachtige zwarte thee, je zintuigen de hele dag door troost en rust brengt.<\/p>\n","protected":false},"featured_media":20470,"template":"","meta":[],"product_brand":[],"product_cat":[616,613],"product_tag":[],"class_list":{"0":"post-20468","1":"product","2":"type-product","3":"status-publish","4":"has-post-thumbnail","6":"product_cat-lichaamsverzorging","7":"product_cat-welzijn","9":"first","10":"instock","11":"taxable","12":"shipping-taxable","13":"purchasable","14":"product-type-simple"},"aioseo_notices":[],"_links":{"self":[{"href":"https:\/\/universduthe.be\/nl\/wp-json\/wp\/v2\/product\/20468","targetHints":{"allow":["GET"]}}],"collection":[{"href":"https:\/\/universduthe.be\/nl\/wp-json\/wp\/v2\/product"}],"about":[{"href":"https:\/\/universduthe.be\/nl\/wp-json\/wp\/v2\/types\/product"}],"wp:featuredmedia":[{"embeddable":true,"href":"https:\/\/universduthe.be\/nl\/wp-json\/wp\/v2\/media\/20470"}],"wp:attachment":[{"href":"https:\/\/universduthe.be\/nl\/wp-json\/wp\/v2\/media?parent=20468"}],"wp:term":[{"taxonomy":"product_brand","embeddable":true,"href":"https:\/\/universduthe.be\/nl\/wp-json\/wp\/v2\/product_brand?post=20468"},{"taxonomy":"product_cat","embeddable":true,"href":"https:\/\/universduthe.be\/nl\/wp-json\/wp\/v2\/product_cat?post=20468"},{"taxonomy":"product_tag","embeddable":true,"href":"https:\/\/universduthe.be\/nl\/wp-json\/wp\/v2\/product_tag?post=20468"}],"curies":[{"name":"wp","href":"https:\/\/api.w.org\/{rel}","templated":true}]}}