{"id":20498,"date":"2026-05-01T09:11:01","date_gmt":"2026-05-01T07:11:01","guid":{"rendered":"https:\/\/universduthe.be\/?post_type=product&#038;p=20498"},"modified":"2026-05-01T09:38:14","modified_gmt":"2026-05-01T07:38:14","slug":"canela-mi-amor-zwarte-thee-met-kaneel-kruidig-en-warm-copie-copie-copie-copie-copie-copie-copie-copie-copie","status":"publish","type":"product","link":"https:\/\/universduthe.be\/nl\/produit\/canela-mi-amor-zwarte-thee-met-kaneel-kruidig-en-warm-copie-copie-copie-copie-copie-copie-copie-copie-copie\/","title":{"rendered":"Handcr\u00e8me &#8211; Biologische Corfu Alo\u00eb &#8211; Tad\u00e9"},"content":{"rendered":"<h2>\ud83c\udf3f Biologische Corfu Alo\u00eb Handcr\u00e8me &#8211; Tad\u00e9: Een frisse wind uit de Middellandse Zee<\/h2>\n<p><strong>Tad\u00e9 Organic Corfu Aloe Hand Cream<\/strong> is de behandeling bij uitstek voor wie op zoek is naar hydratatie zonder te verzwaren. Door de combinatie van <strong>biologische Alo\u00eb Vera gel<\/strong> met zijn regenererende eigenschappen en beschermende Shea boter, biedt deze <strong>topcr\u00e8me<\/strong> onmiddellijk comfort aan de dorstige huid. De discrete, plantaardige geur doet denken aan de ochtenddauw op de kliffen van Corfu en verandert elke toepassing in een verkwikkend <strong>ontspanningsritueel<\/strong>.<\/p>\n<h2>Waarom kiezen voor Tad\u00e9 Organic Corfu Aloe Hand Cream?<\/h2>\n<ul>\n<li><strong>Intense hydratatie:<\/strong> Alo\u00eb vera houdt water vast in het hart van de opperhuid voor een vollere huid.<\/li>\n<li><strong>Vederlichte textuur:<\/strong> ideaal voor gebruik in de zomer of voor wie niet van vette films houdt.<\/li>\n<li><strong>Kalmerende werking :<\/strong> Kalmeert onmiddellijk gevoelens van hitte en benauwdheid.<\/li>\n<li><strong>Ecologisch verantwoorde formule:<\/strong> Een gecertificeerd biologisch huidverzorgingsproduct dat de kwetsbaarheid van je huid respecteert.<\/li>\n<\/ul>\n<h2>\u2b50 Gebruiksadvies en voorzorgsmaatregelen<\/h2>\n<p>Breng een pareltje <strong>Tad\u00e9 Organic Corfu Aloe Hand Cream<\/strong> aan op je schone handen. Smeer uit met ronddraaiende bewegingen tot het volledig is opgenomen.  <strong>Alleen voor uitwendig gebruik.<\/strong>  Dankzij de lichtheid kan het meerdere keren per dag worden aangebracht zonder de huid te verzadigen. Bewaar de tube op een koele plaats om het ontzwellende en tonifi\u00ebrende effect van alo\u00eb vera te versterken bij het aanbrengen.<\/p>\n<h2>\u2b50 Kenmerken en samenstelling<\/h2>\n<ul>\n<li><strong>Inhoud :<\/strong> 30ml &#8211; Compact formaat om onderweg te hydrateren.<\/li>\n<li><strong>Oorsprong:<\/strong> Een eerbetoon aan Griekse tuinen, samengesteld met de expertise van Tad\u00e9.<\/li>\n<li><strong>Natuurlijkheid:<\/strong> Ingredi\u00ebnten van biologische landbouw.<\/li>\n<li><strong>INCI :<\/strong> Aqua (Water), Alo\u00eb Barbadensis Bladsap*, Glycerine, Butyrospermum Parkii (Shea) Butter*, Cetearyl Alcohol, Glyceryl Stearate, Helianthus Annuus (Zonnebloem) Zaadolie*, Parfum (Parfum), Benzyl Alcohol, Dehydroazijnzuur, Tocoferol. (*Organisch geproduceerde ingredi\u00ebnten).<\/li>\n<\/ul>\n<h2>Een ontspannend ritueel met je biologische Corfu Alo\u00eb handcr\u00e8me &#8211; Tad\u00e9<\/h2>\n<p>Voor een verfrissende synergie raden we aan om <strong>Tad\u00e9 Organic Corfu Aloe Hand Cream<\/strong> aan te brengen net na je <a href=\"\/categories\/thes-verts\">Sencha Green Tea<\/a> of <a href=\"\/categories\/infusions-bio\">Fresh Mint Infusion<\/a>. De zuiverheid van alo\u00eb vera verlengt het gevoel van lichtheid en helderheid dat je drankje biedt. Deze behandeling is gecertificeerd door <a href=\"https:\/\/www.ecocert.com\" target=\"_blank\" rel=\"noopener\">Ecocert<\/a> COSMOS ORGANIC, een garantie voor transparante cosmetica van hoge kwaliteit.<\/p>\n","protected":false},"excerpt":{"rendered":"<p>Tad\u00e9 Organic Corfu Aloe Hand Cream is een echte bron van hydratatie, ge\u00efnspireerd door de azuurblauwe frisheid van de Ionische eilanden. Deze lichte, dorstlessende behandeling gebruikt de uitzonderlijke deugden van alo\u00eb vera om de huid onmiddellijk te kalmeren en haar natuurlijke soepelheid te herstellen. De vloeibare textuur dringt razendsnel door en biedt een sensatie van kristalheldere zuiverheid die, net als een groene muntthee, je zintuigen verkwikt en een frisse wind laat waaien door je dagelijkse ritueel.<\/p>\n","protected":false},"featured_media":20500,"template":"","meta":[],"product_brand":[],"product_cat":[616,613],"product_tag":[],"class_list":{"0":"post-20498","1":"product","2":"type-product","3":"status-publish","4":"has-post-thumbnail","6":"product_cat-lichaamsverzorging","7":"product_cat-welzijn","9":"first","10":"instock","11":"taxable","12":"shipping-taxable","13":"purchasable","14":"product-type-simple"},"aioseo_notices":[],"_links":{"self":[{"href":"https:\/\/universduthe.be\/nl\/wp-json\/wp\/v2\/product\/20498","targetHints":{"allow":["GET"]}}],"collection":[{"href":"https:\/\/universduthe.be\/nl\/wp-json\/wp\/v2\/product"}],"about":[{"href":"https:\/\/universduthe.be\/nl\/wp-json\/wp\/v2\/types\/product"}],"wp:featuredmedia":[{"embeddable":true,"href":"https:\/\/universduthe.be\/nl\/wp-json\/wp\/v2\/media\/20500"}],"wp:attachment":[{"href":"https:\/\/universduthe.be\/nl\/wp-json\/wp\/v2\/media?parent=20498"}],"wp:term":[{"taxonomy":"product_brand","embeddable":true,"href":"https:\/\/universduthe.be\/nl\/wp-json\/wp\/v2\/product_brand?post=20498"},{"taxonomy":"product_cat","embeddable":true,"href":"https:\/\/universduthe.be\/nl\/wp-json\/wp\/v2\/product_cat?post=20498"},{"taxonomy":"product_tag","embeddable":true,"href":"https:\/\/universduthe.be\/nl\/wp-json\/wp\/v2\/product_tag?post=20498"}],"curies":[{"name":"wp","href":"https:\/\/api.w.org\/{rel}","templated":true}]}}