{"id":20504,"date":"2026-05-01T09:13:06","date_gmt":"2026-05-01T07:13:06","guid":{"rendered":"https:\/\/universduthe.be\/?post_type=product&#038;p=20504"},"modified":"2026-05-01T09:38:13","modified_gmt":"2026-05-01T07:38:13","slug":"canela-mi-amor-zwarte-thee-met-kaneel-kruidig-en-warm-copie-copie-copie-copie-copie-copie-copie-copie-copie-copie","status":"publish","type":"product","link":"https:\/\/universduthe.be\/nl\/produit\/canela-mi-amor-zwarte-thee-met-kaneel-kruidig-en-warm-copie-copie-copie-copie-copie-copie-copie-copie-copie-copie\/","title":{"rendered":"Handcr\u00e8me &#8211; Biologische Granaatappel &#8211; Tad\u00e9"},"content":{"rendered":"<h2>\ud83c\udf4e Biologische Granaatappel Handcr\u00e8me &#8211; Tad\u00e9: De vitaminerijke uitstraling van een kostbare vrucht<\/h2>\n<p><strong>Tad\u00e9 Organic Pomegranate Hand Cream<\/strong> is de ideale behandeling om je handen er jong uit te laten zien. Door de beschermende eigenschappen van <strong>organische granaatappel<\/strong> te combineren met de voedende kracht van shea butter, biedt deze <strong>topcr\u00e8me<\/strong> een complete oplossing voor de droge, doffe huid. De fruitige geur, zowel fris als licht zurig, verandert je dagelijkse huidverzorgingsroutine in een verkwikkend en vreugdevol <strong>ontspanningsritueel<\/strong>.<\/p>\n<h2>Waarom kiezen voor Tad\u00e9 Organic Granaatappel Handcr\u00e8me?<\/h2>\n<ul>\n<li><strong>Antioxidant schild :<\/strong> Helpt vroegtijdige huidveroudering tegen te gaan dankzij granaatappelpolyfenolen.<\/li>\n<li><strong>Bonne Mine-effect:<\/strong> herstelt de vitaliteit en glans van vermoeide handen.<\/li>\n<li><strong>Regenererende verzorging:<\/strong> Olijfolie en sheaboter herstellen de hydrolipidenfilm intensief.<\/li>\n<li><strong>Ethisch en biologisch:<\/strong> Een gecertificeerde formule die respect voor je gezondheid en de planeet garandeert.<\/li>\n<\/ul>\n<h2>\u2b50 Gebruiksadvies en voorzorgsmaatregelen<\/h2>\n<p>Breng een beetje <strong>Tad\u00e9 Organic Pomegranate Hand Cream<\/strong> aan op de rug van je hand en masseer tot het volledig is opgenomen. Vergeet niet om rond de nagels te masseren om de nagelriemen zachter te maken.  <strong>Alleen voor uitwendig gebruik.<\/strong>  Dankzij het hoge gehalte aan antioxidanten wordt het vooral overdag aanbevolen om je handen te beschermen tegen agressie uit de stad.<\/p>\n<h2>\u2b50 Kenmerken en samenstelling<\/h2>\n<ul>\n<li><strong>Inhoud :<\/strong> Elegante tube van 30 ml &#8211; Praktisch en compact.<\/li>\n<li><strong>Oorsprong:<\/strong> De vrucht van de expertise van Tad\u00e9, ge\u00efnspireerd door de voordelen van oosterse tuinen.<\/li>\n<li><strong>Label :<\/strong> COSMOS ORGANIC gecertificeerd door Ecocert.<\/li>\n<li><strong>INCI:<\/strong> Aqua (Water), Glycerine, Butyrospermum Parkii (Shea) Butter*, Cetearyl Alcohol, Punica Granatum Fruitextract*, Helianthus Annuus (Zonnebloem) Zaadolie*, Glyceryl Stearate, Parfum (Parfum), Tocopherol. (*Organisch geproduceerde ingredi\u00ebnten).<\/li>\n<\/ul>\n<h2>Een ontspannend ritueel met je biologische granaatappel handcr\u00e8me &#8211; Tad\u00e9<\/h2>\n<p>Om je zintuiglijke ervaring compleet te maken, raden we je aan om <strong>Tad\u00e9 Organic Pomegranate Hand Cream<\/strong> aan te brengen na het drinken van een van onze <a href=\"\/categories\/thes-noirs-parfumes\">Black Fruit Teas<\/a> of een <a href=\"\/categories\/rooibos\">Gourmet Rooibos<\/a>. De fruitige energie van de drank gaat heerlijk samen met de vitaminetonen van de granaatappel. Deze behandeling is gecertificeerd door <a href=\"https:\/\/www.ecocert.com\" target=\"_blank\" rel=\"noopener\">Ecocert<\/a> voor natuurlijke, gezonde en transparante cosmetica.<\/p>\n","protected":false},"excerpt":{"rendered":"<p>Tad\u00e9 Organic Granaatappel Handcr\u00e8me is een echte cocktail van vitaliteit voor je handen. Deze cr\u00e8me, verrijkt met extracten van granaatappel, een heilige vrucht uit het Oosten die bekend staat om zijn uitzonderlijke rijkdom aan antioxidanten, beschermt je huid tegen oxidatieve stress en laat haar weer stralen. De smakelijke, fruitige textuur dringt snel door en maakt de handen zacht, getonifieerd en heerlijk geurend. Het doet denken aan de levendigheid van zwarte thee met rode vruchten of een mix van wilde bessen.<\/p>\n","protected":false},"featured_media":20506,"template":"","meta":[],"product_brand":[],"product_cat":[616,613],"product_tag":[],"class_list":{"0":"post-20504","1":"product","2":"type-product","3":"status-publish","4":"has-post-thumbnail","6":"product_cat-lichaamsverzorging","7":"product_cat-welzijn","9":"first","10":"instock","11":"taxable","12":"shipping-taxable","13":"purchasable","14":"product-type-simple"},"aioseo_notices":[],"_links":{"self":[{"href":"https:\/\/universduthe.be\/nl\/wp-json\/wp\/v2\/product\/20504","targetHints":{"allow":["GET"]}}],"collection":[{"href":"https:\/\/universduthe.be\/nl\/wp-json\/wp\/v2\/product"}],"about":[{"href":"https:\/\/universduthe.be\/nl\/wp-json\/wp\/v2\/types\/product"}],"wp:featuredmedia":[{"embeddable":true,"href":"https:\/\/universduthe.be\/nl\/wp-json\/wp\/v2\/media\/20506"}],"wp:attachment":[{"href":"https:\/\/universduthe.be\/nl\/wp-json\/wp\/v2\/media?parent=20504"}],"wp:term":[{"taxonomy":"product_brand","embeddable":true,"href":"https:\/\/universduthe.be\/nl\/wp-json\/wp\/v2\/product_brand?post=20504"},{"taxonomy":"product_cat","embeddable":true,"href":"https:\/\/universduthe.be\/nl\/wp-json\/wp\/v2\/product_cat?post=20504"},{"taxonomy":"product_tag","embeddable":true,"href":"https:\/\/universduthe.be\/nl\/wp-json\/wp\/v2\/product_tag?post=20504"}],"curies":[{"name":"wp","href":"https:\/\/api.w.org\/{rel}","templated":true}]}}