{"id":6251,"date":"2020-04-14T11:10:09","date_gmt":"2020-04-14T09:10:09","guid":{"rendered":"http:\/\/universduthe.be\/?post_type=product&#038;p=6251"},"modified":"2022-09-29T22:15:15","modified_gmt":"2022-09-29T22:15:15","slug":"glazen-theepot-casablanca-05l","status":"publish","type":"product","link":"https:\/\/universduthe.be\/nl\/produit\/glazen-theepot-casablanca-05l\/","title":{"rendered":"Glazen theepot Casablanca 0,5L"},"content":{"rendered":"<p><span data-sheets-value=\"{&quot;1&quot;:2,&quot;2&quot;:&quot;Een elegante glazen theepot met een metalen filter bevestigd aan de voet van de tuit. Inhoud 0,5 liter: de perfecte partner voor een \u00e9\u00e9n-op-\u00e9\u00e9n theesessie. Afmeting: \u00d8 15 cm \/ hoogte 10 cm&quot;}\" data-sheets-userformat=\"{&quot;2&quot;:641,&quot;3&quot;:{&quot;1&quot;:0},&quot;10&quot;:1,&quot;12&quot;:0}\">Een elegante glazen theepot met een metalen filter bevestigd aan de voet van de tuit. Inhoud 0,5 liter: de perfecte partner voor een \u00e9\u00e9n-op-\u00e9\u00e9n theesessie. Afmeting: \u00d8 15 cm \/ hoogte 10 cm<\/span><\/p>\n","protected":false},"excerpt":{"rendered":"<p>Een elegante glazen theepot met een metalen filter bevestigd aan de voet van de tuit. Inhoud 0,5 liter: de perfecte partner voor een \u00e9\u00e9n-op-\u00e9\u00e9n theesessie. Afmeting: \u00d8 15 cm \/ hoogte 10 cm<\/p>\n","protected":false},"featured_media":15237,"template":"","meta":[],"product_brand":[],"product_cat":[271,301],"product_tag":[],"class_list":{"0":"post-6251","1":"product","2":"type-product","3":"status-publish","4":"has-post-thumbnail","6":"product_cat-accessoire","7":"product_cat-glazen-theepotten","9":"first","10":"instock","11":"taxable","12":"shipping-taxable","13":"purchasable","14":"product-type-simple"},"aioseo_notices":[],"_links":{"self":[{"href":"https:\/\/universduthe.be\/nl\/wp-json\/wp\/v2\/product\/6251","targetHints":{"allow":["GET"]}}],"collection":[{"href":"https:\/\/universduthe.be\/nl\/wp-json\/wp\/v2\/product"}],"about":[{"href":"https:\/\/universduthe.be\/nl\/wp-json\/wp\/v2\/types\/product"}],"wp:featuredmedia":[{"embeddable":true,"href":"https:\/\/universduthe.be\/nl\/wp-json\/wp\/v2\/media\/15237"}],"wp:attachment":[{"href":"https:\/\/universduthe.be\/nl\/wp-json\/wp\/v2\/media?parent=6251"}],"wp:term":[{"taxonomy":"product_brand","embeddable":true,"href":"https:\/\/universduthe.be\/nl\/wp-json\/wp\/v2\/product_brand?post=6251"},{"taxonomy":"product_cat","embeddable":true,"href":"https:\/\/universduthe.be\/nl\/wp-json\/wp\/v2\/product_cat?post=6251"},{"taxonomy":"product_tag","embeddable":true,"href":"https:\/\/universduthe.be\/nl\/wp-json\/wp\/v2\/product_tag?post=6251"}],"curies":[{"name":"wp","href":"https:\/\/api.w.org\/{rel}","templated":true}]}}