{"id":7166,"date":"2020-04-16T11:56:52","date_gmt":"2020-04-16T09:56:52","guid":{"rendered":"http:\/\/universduthe.be\/?post_type=product&#038;p=7166"},"modified":"2024-04-27T16:48:22","modified_gmt":"2024-04-27T14:48:22","slug":"china-white-tea-jasmin","status":"publish","type":"product","link":"https:\/\/universduthe.be\/nl\/produit\/china-white-tea-jasmin\/","title":{"rendered":"China White Tea Jasmin- THEE"},"content":{"rendered":"<p><span data-sheets-value=\"{&quot;1&quot;:2,&quot;2&quot;:&quot;De zorgvuldig geselecteerde theeblaadjes worden in de zon gedroogd en vervolgens met jasmijnbloesem gemengd. Daarna worden de bloesems \u00e9\u00e9n na \u00e9\u00e9n verwijderd. Door dit precisiewerk wordt de thee een \u2018grand cru\u2019 met een ronde smaak en een geraffineerd aroma. Rijk aan antioxidant&quot;}\" data-sheets-userformat=\"{&quot;2&quot;:14849,&quot;3&quot;:{&quot;1&quot;:0},&quot;12&quot;:0,&quot;14&quot;:[null,2,0],&quot;15&quot;:&quot;Arial&quot;,&quot;16&quot;:10}\">De zorgvuldig geselecteerde theeblaadjes worden in de zon gedroogd en vervolgens met jasmijnbloesem gemengd. Daarna worden de bloesems \u00e9\u00e9n na \u00e9\u00e9n verwijderd. Door dit precisiewerk wordt de thee een \u2018grand cru\u2019 met een ronde smaak en een geraffineerd aroma. Rijk aan antioxidant.<\/span><\/p>\n","protected":false},"excerpt":{"rendered":"<p>De zorgvuldig geselecteerde theeblaadjes worden in de zon gedroogd en vervolgens met jasmijnbloesem gemengd. Daarna worden de bloesems \u00e9\u00e9n na \u00e9\u00e9n verwijderd. Door dit precisiewerk wordt de thee een \u2018grand cru\u2019 met een ronde smaak en een geraffineerd aroma. Rijk aan antioxidant.<\/p>\n","protected":false},"featured_media":15369,"template":"","meta":[],"product_brand":[],"product_cat":[279,275,280],"product_tag":[],"class_list":{"0":"post-7166","1":"product","2":"type-product","3":"status-publish","4":"has-post-thumbnail","6":"product_cat-jasmijnthee","7":"product_cat-thee","8":"product_cat-witte-thee","10":"first","11":"instock","12":"taxable","13":"shipping-taxable","14":"purchasable","15":"product-type-simple"},"aioseo_notices":[],"_links":{"self":[{"href":"https:\/\/universduthe.be\/nl\/wp-json\/wp\/v2\/product\/7166","targetHints":{"allow":["GET"]}}],"collection":[{"href":"https:\/\/universduthe.be\/nl\/wp-json\/wp\/v2\/product"}],"about":[{"href":"https:\/\/universduthe.be\/nl\/wp-json\/wp\/v2\/types\/product"}],"wp:featuredmedia":[{"embeddable":true,"href":"https:\/\/universduthe.be\/nl\/wp-json\/wp\/v2\/media\/15369"}],"wp:attachment":[{"href":"https:\/\/universduthe.be\/nl\/wp-json\/wp\/v2\/media?parent=7166"}],"wp:term":[{"taxonomy":"product_brand","embeddable":true,"href":"https:\/\/universduthe.be\/nl\/wp-json\/wp\/v2\/product_brand?post=7166"},{"taxonomy":"product_cat","embeddable":true,"href":"https:\/\/universduthe.be\/nl\/wp-json\/wp\/v2\/product_cat?post=7166"},{"taxonomy":"product_tag","embeddable":true,"href":"https:\/\/universduthe.be\/nl\/wp-json\/wp\/v2\/product_tag?post=7166"}],"curies":[{"name":"wp","href":"https:\/\/api.w.org\/{rel}","templated":true}]}}